{"id":4870,"date":"2024-11-21T19:16:59","date_gmt":"2024-11-21T19:16:59","guid":{"rendered":"https:\/\/bicsi-cala.org\/calaeventos\/?post_type=product&#038;p=4870"},"modified":"2026-03-26T15:36:32","modified_gmt":"2026-03-26T15:36:32","slug":"bicsi-cala-ict-summit-peru-2026-inscripcion-cabling-skills-challenge","status":"publish","type":"product","link":"https:\/\/bicsi-cala.org\/calaeventos\/en\/product\/bicsi-cala-ict-summit-peru-2026-inscripcion-cabling-skills-challenge\/","title":{"rendered":"BICSI CALA ICT SUMMIT PER\u00da 2026 \u2013 Inscripci\u00f3n Cabling Skills Challenge"},"content":{"rendered":"<h4><\/h4>\r\n<p>El\u00a0<strong>BICSI CALA Cabling Skills Challenge 2026<\/strong> tendr\u00e1 lugar el 27 de mayo de 2026, en el Hotel Sonesta El Olivar, Lima, Per\u00fa.<\/p>\r\n<h4>\r\n\r\n<\/h4>\r\n<p>Se invita a todos los instaladores y t\u00e9cnicos profesionales de Centroam\u00e9rica a completar esta solicitud para aplicar a su participaci\u00f3n en esta competencia. Los concursantes ser\u00e1n seleccionados en funci\u00f3n de criterios como: profesionalismo, la calidad de su curr\u00edculum y la experiencia laboral en el campo de instalaci\u00f3n.<\/p>\r\n<h4>\r\n\r\n<\/h4>\r\n<p>Para poder participar, el t\u00e9cnico debe obtener la aprobaci\u00f3n de su empleador y debe presentar el d\u00eda de la competencia sus documentos de Seguridad Social vigentes para el d\u00eda de la competencia, caso contrario no podr\u00e1 participar. El concursante, su empleador o patrocinador(es) ser\u00e1n responsables de todos sus gastos de viaje, incluido el transporte de ida y vuelta al comidas y alojamiento. Una empresa puede presentar solicitudes de varios de sus t\u00e9cnicos, sin embargo solo se permitir\u00e1 concursar a solo un t\u00e9cnico de la misma compa\u00f1\u00eda.<\/p>\r\n<h4>\r\n\r\n<\/h4>\r\n<p>Cada competidor deber\u00e1 portar sus propios equipos de protecci\u00f3n personal para el inicio de la competencia: Casco de Seguridad, Guantes, Lentes, Zapatos de Seguridad (diel\u00e9ctricos) y chaleco reflectivo. las herramientas ser\u00e1n prestadas durante la competencia por parte del Organizador. Podr\u00e1n utilizar uniformes de su propia empresa (camiseta y pantal\u00f3n).<\/p>\r\n<p><strong>Includes:<\/strong><\/p>\r\n<ul class=\"wp-block-list\">\r\n<li>Inscripci\u00f3n de un t\u00e9cnico instalador para la Competencia el d\u00eda 27 de Mayo.<\/li>\r\n<!-- \/wp:post-content -->\r\n\r\n<!-- wp:list-item -->\r\n<li>Acceso a un representante de la Empresa para Supervisi\u00f3n de los t\u00e9cnicos (este no podr\u00e1 hacer asignaciones t\u00e9cnicas de la competencia)<\/li>\r\n<!-- \/wp:list-item -->\r\n\r\n<!-- wp:list-item -->\r\n<li>Alimentaci\u00f3n y Coffee Breaks.<\/li>\r\n<!-- \/wp:list-item -->\r\n\r\n<!-- wp:list-item -->\r\n<li>Participaci\u00f3n en la Competencia para optar por grandes premios y el reconocimiento de la Industria TIC local.<\/li>\r\n<!-- \/wp:list-item -->\r\n\r\n<!-- wp:list-item -->\r\n<li>Promoci\u00f3n de Logo de su Empresa en marketing digital del evento.<\/li>\r\n<!-- \/wp:list-item --><\/ul>\r\n<!-- \/wp:list -->\r\n<p>&nbsp;<\/p>\r\n<!-- \/wp:list-item -->\r\n\r\n<!-- wp:list-item --><!-- \/wp:list-item -->\r\n<p>&nbsp;<\/p>\r\n<!-- \/wp:list -->","protected":false},"excerpt":{"rendered":"<p class=\"m0\"><i class=\"dashicons dashicons-calendar-alt\"><\/i>27\/05\/26<\/p>\n<p class=\"m0\"><i class=\"dashicons dashicons-location\"><\/i>Hotel Sonesta El Olivar, Lima, Per\u00fa<\/p>\n<p class=\"m0\"><i class=\"dashicons dashicons-clock\"><\/i> Hora : 8:30 am &#8211; 6:00 pm (Am\u00e9rica\/Per\u00fa)<\/p>\n<p>&nbsp;<\/p>","protected":false},"featured_media":10232,"comment_status":"closed","ping_status":"closed","template":"","meta":{"site-sidebar-layout":"default","site-content-layout":"","ast-site-content-layout":"default","site-content-style":"default","site-sidebar-style":"default","ast-global-header-display":"","ast-banner-title-visibility":"","ast-main-header-display":"","ast-hfb-above-header-display":"","ast-hfb-below-header-display":"","ast-hfb-mobile-header-display":"","site-post-title":"","ast-breadcrumbs-content":"","ast-featured-img":"","footer-sml-layout":"","ast-disable-related-posts":"","theme-transparent-header-meta":"default","adv-header-id-meta":"","stick-header-meta":"","header-above-stick-meta":"","header-main-stick-meta":"","header-below-stick-meta":"","astra-migrate-meta-layouts":"set","ast-page-background-enabled":"default","ast-page-background-meta":{"desktop":{"background-color":"","background-image":"","background-repeat":"repeat","background-position":"center center","background-size":"auto","background-attachment":"scroll","background-type":"","background-media":"","overlay-type":"","overlay-color":"","overlay-opacity":"","overlay-gradient":""},"tablet":{"background-color":"","background-image":"","background-repeat":"repeat","background-position":"center center","background-size":"auto","background-attachment":"scroll","background-type":"","background-media":"","overlay-type":"","overlay-color":"","overlay-opacity":"","overlay-gradient":""},"mobile":{"background-color":"","background-image":"","background-repeat":"repeat","background-position":"center center","background-size":"auto","background-attachment":"scroll","background-type":"","background-media":"","overlay-type":"","overlay-color":"","overlay-opacity":"","overlay-gradient":""}},"ast-content-background-meta":{"desktop":{"background-color":"var(--ast-global-color-5)","background-image":"","background-repeat":"repeat","background-position":"center center","background-size":"auto","background-attachment":"scroll","background-type":"","background-media":"","overlay-type":"","overlay-color":"","overlay-opacity":"","overlay-gradient":""},"tablet":{"background-color":"var(--ast-global-color-5)","background-image":"","background-repeat":"repeat","background-position":"center center","background-size":"auto","background-attachment":"scroll","background-type":"","background-media":"","overlay-type":"","overlay-color":"","overlay-opacity":"","overlay-gradient":""},"mobile":{"background-color":"var(--ast-global-color-5)","background-image":"","background-repeat":"repeat","background-position":"center center","background-size":"auto","background-attachment":"scroll","background-type":"","background-media":"","overlay-type":"","overlay-color":"","overlay-opacity":"","overlay-gradient":""}}},"product_brand":[],"product_cat":[63],"product_tag":[],"class_list":{"0":"post-4870","1":"product","2":"type-product","3":"status-publish","4":"has-post-thumbnail","6":"product_cat-eventos","7":"desktop-align-left","8":"tablet-align-left","9":"mobile-align-left","11":"first","12":"instock","13":"sold-individually","14":"taxable","15":"shipping-taxable","16":"purchasable","17":"product-type-simple"},"_links":{"self":[{"href":"https:\/\/bicsi-cala.org\/calaeventos\/en\/wp-json\/wp\/v2\/product\/4870","targetHints":{"allow":["GET"]}}],"collection":[{"href":"https:\/\/bicsi-cala.org\/calaeventos\/en\/wp-json\/wp\/v2\/product"}],"about":[{"href":"https:\/\/bicsi-cala.org\/calaeventos\/en\/wp-json\/wp\/v2\/types\/product"}],"replies":[{"embeddable":true,"href":"https:\/\/bicsi-cala.org\/calaeventos\/en\/wp-json\/wp\/v2\/comments?post=4870"}],"version-history":[{"count":14,"href":"https:\/\/bicsi-cala.org\/calaeventos\/en\/wp-json\/wp\/v2\/product\/4870\/revisions"}],"predecessor-version":[{"id":10244,"href":"https:\/\/bicsi-cala.org\/calaeventos\/en\/wp-json\/wp\/v2\/product\/4870\/revisions\/10244"}],"wp:featuredmedia":[{"embeddable":true,"href":"https:\/\/bicsi-cala.org\/calaeventos\/en\/wp-json\/wp\/v2\/media\/10232"}],"wp:attachment":[{"href":"https:\/\/bicsi-cala.org\/calaeventos\/en\/wp-json\/wp\/v2\/media?parent=4870"}],"wp:term":[{"taxonomy":"product_brand","embeddable":true,"href":"https:\/\/bicsi-cala.org\/calaeventos\/en\/wp-json\/wp\/v2\/product_brand?post=4870"},{"taxonomy":"product_cat","embeddable":true,"href":"https:\/\/bicsi-cala.org\/calaeventos\/en\/wp-json\/wp\/v2\/product_cat?post=4870"},{"taxonomy":"product_tag","embeddable":true,"href":"https:\/\/bicsi-cala.org\/calaeventos\/en\/wp-json\/wp\/v2\/product_tag?post=4870"}],"curies":[{"name":"wp","href":"https:\/\/api.w.org\/{rel}","templated":true}]}}