{"id":4854,"date":"2024-11-21T18:33:09","date_gmt":"2024-11-21T18:33:09","guid":{"rendered":"https:\/\/bicsi-cala.org\/calaeventos\/?post_type=product&#038;p=4854"},"modified":"2026-03-26T15:22:06","modified_gmt":"2026-03-26T15:22:06","slug":"bicsi-cala-ict-summit-peru-2026-conferencia-y-exhibicion","status":"publish","type":"product","link":"https:\/\/bicsi-cala.org\/calaeventos\/pt\/product-2\/bicsi-cala-ict-summit-peru-2026-conferencia-y-exhibicion\/","title":{"rendered":"BICSI CALA ICT SUMMIT PER\u00da 2026 \u2013 Conferencia y Exhibici\u00f3n"},"content":{"rendered":"<p style=\"font-weight: 400;\"><b>BICSI CALA regresa al Per\u00fa<\/b><\/p>\r\n<p style=\"font-weight: 400;\">Este es un evento en donde se reunir\u00e1n profesionales de los sectores de las\u00a0<strong>TIC<\/strong>\u00a0y las\u00a0<strong>Telecomunicaciones<\/strong>\u00a0para explorar el din\u00e1mico ambiente de la conectividad digital. En esta edici\u00f3n del\u00a0<strong>ICT SUMMIT<\/strong>\u00a0contaremos con un d\u00eda completo de exhibici\u00f3n comercial y de experiencias de aprendizaje en los \u00faltimos avances en infraestructura digital que prometen exponer una perspectiva hol\u00edstica sobre el rol de la infraestructura f\u00edsica en la actual evoluci\u00f3n debido a la demanda de la\u00a0<strong>Inteligencia Artificial<\/strong>\u00a0y las Redes Sostenibles.<\/p>\r\n&nbsp;\r\n<p style=\"font-weight: 400;\"><strong>Inclui:<\/strong><\/p>\r\n\r\n<ul style=\"font-weight: 400;\">\r\n \t<li>Entrada para o evento completo durante todo o dia.<\/li>\r\n \t<li>Alimenta\u00e7\u00e3o e Coffee Breaks<\/li>\r\n \t<li>Kit de Boas-Vindas<\/li>\r\n \t<li>Certificado de Participa\u00e7\u00e3o.<\/li>\r\n<\/ul>\r\n<p style=\"font-weight: 400;\">Participa tambi\u00e9n en los\u00a0<strong>\u201cICT HANDS-ON SESSION\u201d,<\/strong>\u00a0estas son presentaciones t\u00e9cnico\/pr\u00e1cticas que ocurren de manera simult\u00e1nea durante la plenaria del evento para quieren conocer m\u00e1s de cerca las tecnolog\u00edas e innovaciones que ser\u00e1n presentadas durante estos talleres de formaci\u00f3n y aprendizaje.<\/p>\r\n&nbsp;\r\n<p style=\"font-weight: 400;\"><strong>Cada sesi\u00f3n posee cupos limitados. Inscr\u00edbete pronto.<\/strong><\/p>\r\n\r\n<ul class=\"wp-block-list\"><\/ul>\r\n<!-- \/wp:post-content --><!-- \/wp:freeform -->","protected":false},"excerpt":{"rendered":"<p class=\"m0\"><i class=\"dashicons dashicons-calendar-alt\"><\/i>27\/05\/26<\/p>\n<p class=\"m0\"><i class=\"dashicons dashicons-location\"><\/i>Hotel Sonesta El Olivar, Lima, Per\u00fa<\/p>\n<p class=\"m0\"><i class=\"dashicons dashicons-clock\"><\/i> Hora : 8:30 am &#8211; 6:00 pm (Am\u00e9rica\/Per\u00fa)<\/p>\n<p style=\"font-weight: 400;\"><strong><br \/>\nAgrega a tu experiencia, talleres inmersivos ICT Hands-on Sessions,<\/strong> los cuales ser\u00e1n impartidos simult\u00e1neamente a la agenda principal del evento en un \u00e1rea exclusiva. <strong>Selecciona aqu\u00ed en cuales te gustar\u00eda participar:<\/strong><\/p>","protected":false},"featured_media":10203,"comment_status":"closed","ping_status":"closed","template":"","meta":{"site-sidebar-layout":"default","site-content-layout":"","ast-site-content-layout":"default","site-content-style":"default","site-sidebar-style":"default","ast-global-header-display":"","ast-banner-title-visibility":"","ast-main-header-display":"","ast-hfb-above-header-display":"","ast-hfb-below-header-display":"","ast-hfb-mobile-header-display":"","site-post-title":"","ast-breadcrumbs-content":"","ast-featured-img":"","footer-sml-layout":"","ast-disable-related-posts":"","theme-transparent-header-meta":"default","adv-header-id-meta":"","stick-header-meta":"","header-above-stick-meta":"","header-main-stick-meta":"","header-below-stick-meta":"","astra-migrate-meta-layouts":"set","ast-page-background-enabled":"default","ast-page-background-meta":{"desktop":{"background-color":"","background-image":"","background-repeat":"repeat","background-position":"center center","background-size":"auto","background-attachment":"scroll","background-type":"","background-media":"","overlay-type":"","overlay-color":"","overlay-opacity":"","overlay-gradient":""},"tablet":{"background-color":"","background-image":"","background-repeat":"repeat","background-position":"center center","background-size":"auto","background-attachment":"scroll","background-type":"","background-media":"","overlay-type":"","overlay-color":"","overlay-opacity":"","overlay-gradient":""},"mobile":{"background-color":"","background-image":"","background-repeat":"repeat","background-position":"center center","background-size":"auto","background-attachment":"scroll","background-type":"","background-media":"","overlay-type":"","overlay-color":"","overlay-opacity":"","overlay-gradient":""}},"ast-content-background-meta":{"desktop":{"background-color":"var(--ast-global-color-5)","background-image":"","background-repeat":"repeat","background-position":"center center","background-size":"auto","background-attachment":"scroll","background-type":"","background-media":"","overlay-type":"","overlay-color":"","overlay-opacity":"","overlay-gradient":""},"tablet":{"background-color":"var(--ast-global-color-5)","background-image":"","background-repeat":"repeat","background-position":"center center","background-size":"auto","background-attachment":"scroll","background-type":"","background-media":"","overlay-type":"","overlay-color":"","overlay-opacity":"","overlay-gradient":""},"mobile":{"background-color":"var(--ast-global-color-5)","background-image":"","background-repeat":"repeat","background-position":"center center","background-size":"auto","background-attachment":"scroll","background-type":"","background-media":"","overlay-type":"","overlay-color":"","overlay-opacity":"","overlay-gradient":""}}},"product_brand":[],"product_cat":[63],"product_tag":[],"class_list":{"0":"post-4854","1":"product","2":"type-product","3":"status-publish","4":"has-post-thumbnail","6":"product_cat-eventos","7":"desktop-align-left","8":"tablet-align-left","9":"mobile-align-left","11":"first","12":"instock","13":"sold-individually","14":"taxable","15":"shipping-taxable","16":"purchasable","17":"product-type-simple"},"_links":{"self":[{"href":"https:\/\/bicsi-cala.org\/calaeventos\/pt\/wp-json\/wp\/v2\/product\/4854","targetHints":{"allow":["GET"]}}],"collection":[{"href":"https:\/\/bicsi-cala.org\/calaeventos\/pt\/wp-json\/wp\/v2\/product"}],"about":[{"href":"https:\/\/bicsi-cala.org\/calaeventos\/pt\/wp-json\/wp\/v2\/types\/product"}],"replies":[{"embeddable":true,"href":"https:\/\/bicsi-cala.org\/calaeventos\/pt\/wp-json\/wp\/v2\/comments?post=4854"}],"version-history":[{"count":21,"href":"https:\/\/bicsi-cala.org\/calaeventos\/pt\/wp-json\/wp\/v2\/product\/4854\/revisions"}],"predecessor-version":[{"id":10245,"href":"https:\/\/bicsi-cala.org\/calaeventos\/pt\/wp-json\/wp\/v2\/product\/4854\/revisions\/10245"}],"wp:featuredmedia":[{"embeddable":true,"href":"https:\/\/bicsi-cala.org\/calaeventos\/pt\/wp-json\/wp\/v2\/media\/10203"}],"wp:attachment":[{"href":"https:\/\/bicsi-cala.org\/calaeventos\/pt\/wp-json\/wp\/v2\/media?parent=4854"}],"wp:term":[{"taxonomy":"product_brand","embeddable":true,"href":"https:\/\/bicsi-cala.org\/calaeventos\/pt\/wp-json\/wp\/v2\/product_brand?post=4854"},{"taxonomy":"product_cat","embeddable":true,"href":"https:\/\/bicsi-cala.org\/calaeventos\/pt\/wp-json\/wp\/v2\/product_cat?post=4854"},{"taxonomy":"product_tag","embeddable":true,"href":"https:\/\/bicsi-cala.org\/calaeventos\/pt\/wp-json\/wp\/v2\/product_tag?post=4854"}],"curies":[{"name":"wp","href":"https:\/\/api.w.org\/{rel}","templated":true}]}}