{"id":4868,"date":"2024-11-21T19:10:34","date_gmt":"2024-11-21T19:10:34","guid":{"rendered":"https:\/\/bicsi-cala.org\/calaeventos\/?post_type=product&#038;p=4868"},"modified":"2026-03-26T15:32:16","modified_gmt":"2026-03-26T15:32:16","slug":"bicsi-cala-ict-summit-peru-2026-patrocinador","status":"publish","type":"product","link":"https:\/\/bicsi-cala.org\/calaeventos\/producto\/bicsi-cala-ict-summit-peru-2026-patrocinador\/","title":{"rendered":"BICSI CALA ICT SUMMIT PER\u00da 2026 \u2013 Patrocinador"},"content":{"rendered":"<p><strong>BICSI CALA regresa a Per\u00fa<\/strong><\/p>\r\n<p>Este es un evento en donde se reunir\u00e1n profesionales de los sectores de las <strong>TIC<\/strong> y las <strong>Telecomunicaciones<\/strong> para explorar el din\u00e1mico ambiente de la conectividad digital. En esta edici\u00f3n del <strong>ICT SUMMIT<\/strong> contaremos con un d\u00eda completo de exhibici\u00f3n comercial y de experiencias de aprendizaje en los \u00faltimos avances en infraestructura digital que prometen exponer una perspectiva hol\u00edstica sobre el rol de la infraestructura f\u00edsica en la actual evoluci\u00f3n debido a la demanda de la <strong>Inteligencia Artificial<\/strong> y las Redes Sostenibles.<\/p>\r\n<p><strong>Incluye:<\/strong><\/p>\r\n\r\n<ul class=\"wp-block-list\">\r\n<li>Entrada a todo el evento durante todo el d\u00eda<\/li>\r\n\r\n\r\n\r\n<li>Alimentaci\u00f3n y Coffee Breaks<\/li>\r\n\r\n\r\n<\/ul>\r\n","protected":false},"excerpt":{"rendered":"<p class=\"m0\"><i class=\"dashicons dashicons-calendar-alt\"><\/i>27\/05\/26<\/p>\n<p class=\"m0\"><i class=\"dashicons dashicons-location\"><\/i>Hotel Sonesta El Olivar, Lima, Per\u00fa<\/p>\n<p class=\"m0\"><i class=\"dashicons dashicons-clock\"><\/i> Hora : 8:30 am &#8211; 6:00 pm (Am\u00e9rica\/Per\u00fa)<\/p>\n<p>&nbsp;<\/p>\n","protected":false},"featured_media":10230,"comment_status":"closed","ping_status":"closed","template":"","meta":{"site-sidebar-layout":"default","site-content-layout":"","ast-site-content-layout":"default","site-content-style":"default","site-sidebar-style":"default","ast-global-header-display":"","ast-banner-title-visibility":"","ast-main-header-display":"","ast-hfb-above-header-display":"","ast-hfb-below-header-display":"","ast-hfb-mobile-header-display":"","site-post-title":"","ast-breadcrumbs-content":"","ast-featured-img":"","footer-sml-layout":"","ast-disable-related-posts":"","theme-transparent-header-meta":"default","adv-header-id-meta":"","stick-header-meta":"","header-above-stick-meta":"","header-main-stick-meta":"","header-below-stick-meta":"","astra-migrate-meta-layouts":"set","ast-page-background-enabled":"default","ast-page-background-meta":{"desktop":{"background-color":"","background-image":"","background-repeat":"repeat","background-position":"center center","background-size":"auto","background-attachment":"scroll","background-type":"","background-media":"","overlay-type":"","overlay-color":"","overlay-opacity":"","overlay-gradient":""},"tablet":{"background-color":"","background-image":"","background-repeat":"repeat","background-position":"center center","background-size":"auto","background-attachment":"scroll","background-type":"","background-media":"","overlay-type":"","overlay-color":"","overlay-opacity":"","overlay-gradient":""},"mobile":{"background-color":"","background-image":"","background-repeat":"repeat","background-position":"center center","background-size":"auto","background-attachment":"scroll","background-type":"","background-media":"","overlay-type":"","overlay-color":"","overlay-opacity":"","overlay-gradient":""}},"ast-content-background-meta":{"desktop":{"background-color":"var(--ast-global-color-5)","background-image":"","background-repeat":"repeat","background-position":"center center","background-size":"auto","background-attachment":"scroll","background-type":"","background-media":"","overlay-type":"","overlay-color":"","overlay-opacity":"","overlay-gradient":""},"tablet":{"background-color":"var(--ast-global-color-5)","background-image":"","background-repeat":"repeat","background-position":"center center","background-size":"auto","background-attachment":"scroll","background-type":"","background-media":"","overlay-type":"","overlay-color":"","overlay-opacity":"","overlay-gradient":""},"mobile":{"background-color":"var(--ast-global-color-5)","background-image":"","background-repeat":"repeat","background-position":"center center","background-size":"auto","background-attachment":"scroll","background-type":"","background-media":"","overlay-type":"","overlay-color":"","overlay-opacity":"","overlay-gradient":""}}},"product_brand":[],"product_cat":[63],"product_tag":[],"class_list":{"0":"post-4868","1":"product","2":"type-product","3":"status-publish","4":"has-post-thumbnail","6":"product_cat-eventos","7":"desktop-align-left","8":"tablet-align-left","9":"mobile-align-left","11":"first","12":"instock","13":"sold-individually","14":"taxable","15":"shipping-taxable","16":"purchasable","17":"product-type-simple"},"_links":{"self":[{"href":"https:\/\/bicsi-cala.org\/calaeventos\/wp-json\/wp\/v2\/product\/4868","targetHints":{"allow":["GET"]}}],"collection":[{"href":"https:\/\/bicsi-cala.org\/calaeventos\/wp-json\/wp\/v2\/product"}],"about":[{"href":"https:\/\/bicsi-cala.org\/calaeventos\/wp-json\/wp\/v2\/types\/product"}],"replies":[{"embeddable":true,"href":"https:\/\/bicsi-cala.org\/calaeventos\/wp-json\/wp\/v2\/comments?post=4868"}],"version-history":[{"count":10,"href":"https:\/\/bicsi-cala.org\/calaeventos\/wp-json\/wp\/v2\/product\/4868\/revisions"}],"predecessor-version":[{"id":10231,"href":"https:\/\/bicsi-cala.org\/calaeventos\/wp-json\/wp\/v2\/product\/4868\/revisions\/10231"}],"wp:featuredmedia":[{"embeddable":true,"href":"https:\/\/bicsi-cala.org\/calaeventos\/wp-json\/wp\/v2\/media\/10230"}],"wp:attachment":[{"href":"https:\/\/bicsi-cala.org\/calaeventos\/wp-json\/wp\/v2\/media?parent=4868"}],"wp:term":[{"taxonomy":"product_brand","embeddable":true,"href":"https:\/\/bicsi-cala.org\/calaeventos\/wp-json\/wp\/v2\/product_brand?post=4868"},{"taxonomy":"product_cat","embeddable":true,"href":"https:\/\/bicsi-cala.org\/calaeventos\/wp-json\/wp\/v2\/product_cat?post=4868"},{"taxonomy":"product_tag","embeddable":true,"href":"https:\/\/bicsi-cala.org\/calaeventos\/wp-json\/wp\/v2\/product_tag?post=4868"}],"curies":[{"name":"wp","href":"https:\/\/api.w.org\/{rel}","templated":true}]}}