{"id":5695,"date":"2024-06-27T15:36:06","date_gmt":"2024-06-27T15:36:06","guid":{"rendered":"https:\/\/bicsi-cala.org\/?post_type=product&#038;p=5695"},"modified":"2025-08-19T00:57:43","modified_gmt":"2025-08-19T00:57:43","slug":"membresia-estudiante","status":"publish","type":"product","link":"https:\/\/bicsi-cala.org\/en\/product\/membresia-estudiante\/","title":{"rendered":"Student Membership"},"content":{"rendered":"<div class=\"elementor-element elementor-element-4808c07 elementor-widget elementor-widget-heading\" data-id=\"4808c07\" data-element_type=\"widget\" data-widget_type=\"heading.default\">\n<div class=\"elementor-widget-container\">\n<h4 class=\"elementor-heading-title elementor-size-default\">Advantages of being a BICSI member:<\/h4>\n<\/div>\n<\/div>\n<div class=\"elementor-element elementor-element-d3c3529 elementor-widget elementor-widget-text-editor\" data-id=\"d3c3529\" data-element_type=\"widget\" data-widget_type=\"text-editor.default\">\n<div class=\"elementor-widget-container\">\n<p class=\"translation-block\"><strong>BICSI<\/strong> serves thousands of information and communication technology <strong>(ICT)<\/strong> professionals worldwide. As a member, you will receive unique technological information and unparalleled networking opportunities with other training and educational institutions.<\/p>\n<\/div>\n<\/div>\n<div class=\"elementor-element elementor-element-fb9d212 elementor-widget elementor-widget-text-editor\" data-id=\"fb9d212\" data-element_type=\"widget\" data-widget_type=\"text-editor.default\">\n<div class=\"elementor-widget-container\">\n<p class=\"translation-block\">With the aim of providing an enriching membership experience, <strong>BICSI<\/strong> offers a number of benefits detailed below:<\/p>\n<ul class=\"elementor-icon-list-items\">\n<li class=\"elementor-icon-list-item\"><span class=\"elementor-icon-list-text\">Access to substantial discounts on BICSI products and services.<\/span><\/li>\n<li class=\"elementor-icon-list-item\"><span class=\"elementor-icon-list-text\">Access to special discounts on selected training courses and technical manuals from BICSI.<\/span><\/li>\n<li class=\"elementor-icon-list-item\"><span class=\"elementor-icon-list-text\">Access to special discounts for attending specific technical workshops in the CALA region.<\/span><\/li>\n<li class=\"elementor-icon-list-item\"><span class=\"elementor-icon-list-text\">Access to specific discounts for members on various publications, standards, and industry services.<\/span><\/li>\n<li class=\"elementor-icon-list-item\"><span class=\"elementor-icon-list-text\">Registration for BICSI conferences and other industry events worldwide.<\/span><\/li>\n<li class=\"elementor-icon-list-item\"><span class=\"elementor-icon-list-text\">Access to exclusive member sections on the BICSI website.<\/span><\/li>\n<li class=\"elementor-icon-list-item\"><span class=\"elementor-icon-list-text\">FREE electronic copy of the BICSI ICT Terminology Handbook.<\/span><\/li>\n<li class=\"elementor-icon-list-item\"><span class=\"elementor-icon-list-text\">FREE subscription to the newsletter.\u00a0<i>ICT Today.<\/i><\/span><\/li>\n<\/ul>\n<p>The cost of this membership is\u00a0<strong>$25<\/strong>\u00a0\u00a0y corresponde a per\u00edodo de 12 meses contados a partir de la fecha de afiliaci\u00f3n. Esta membres\u00eda es v\u00e1lida solo para estudiantes activos en colegios t\u00e9cnicos, institutos y\/o universidades que no mantengan actividad profesional, se debe presentar la credencial vigente de dicha instituci\u00f3n al momento de la compra de la membres\u00eda.<\/p>\n<p>Prices are expressed in U.S. dollars (USD) and may be subject to change. For residents of the Republic of Panama, the ITBMS (7%) must be charged as a Sales Tax at the time of invoicing.<\/p>\n<\/div>\n<\/div>","protected":false},"excerpt":{"rendered":"<p>Advance your career with access to technical resources, high-quality training, and connections within the ICT industry. Please select your country of residence below, as well as the number of years for which you wish to acquire or renew your BICSI membership.<\/p>","protected":false},"featured_media":5598,"template":"","meta":{"site-sidebar-layout":"default","site-content-layout":"","ast-site-content-layout":"default","site-content-style":"default","site-sidebar-style":"default","ast-global-header-display":"","ast-banner-title-visibility":"","ast-main-header-display":"","ast-hfb-above-header-display":"","ast-hfb-below-header-display":"","ast-hfb-mobile-header-display":"","site-post-title":"","ast-breadcrumbs-content":"","ast-featured-img":"","footer-sml-layout":"","ast-disable-related-posts":"","theme-transparent-header-meta":"default","adv-header-id-meta":"","stick-header-meta":"","header-above-stick-meta":"","header-main-stick-meta":"","header-below-stick-meta":"","astra-migrate-meta-layouts":"set","ast-page-background-enabled":"default","ast-page-background-meta":{"desktop":{"background-color":"","background-image":"","background-repeat":"repeat","background-position":"center center","background-size":"auto","background-attachment":"scroll","background-type":"","background-media":"","overlay-type":"","overlay-color":"","overlay-opacity":"","overlay-gradient":""},"tablet":{"background-color":"","background-image":"","background-repeat":"repeat","background-position":"center center","background-size":"auto","background-attachment":"scroll","background-type":"","background-media":"","overlay-type":"","overlay-color":"","overlay-opacity":"","overlay-gradient":""},"mobile":{"background-color":"","background-image":"","background-repeat":"repeat","background-position":"center center","background-size":"auto","background-attachment":"scroll","background-type":"","background-media":"","overlay-type":"","overlay-color":"","overlay-opacity":"","overlay-gradient":""}},"ast-content-background-meta":{"desktop":{"background-color":"var(--ast-global-color-5)","background-image":"","background-repeat":"repeat","background-position":"center center","background-size":"auto","background-attachment":"scroll","background-type":"","background-media":"","overlay-type":"","overlay-color":"","overlay-opacity":"","overlay-gradient":""},"tablet":{"background-color":"var(--ast-global-color-5)","background-image":"","background-repeat":"repeat","background-position":"center center","background-size":"auto","background-attachment":"scroll","background-type":"","background-media":"","overlay-type":"","overlay-color":"","overlay-opacity":"","overlay-gradient":""},"mobile":{"background-color":"var(--ast-global-color-5)","background-image":"","background-repeat":"repeat","background-position":"center center","background-size":"auto","background-attachment":"scroll","background-type":"","background-media":"","overlay-type":"","overlay-color":"","overlay-opacity":"","overlay-gradient":""}}},"product_brand":[],"product_cat":[57],"product_tag":[],"class_list":{"0":"post-5695","1":"product","2":"type-product","3":"status-publish","4":"has-post-thumbnail","6":"product_cat-membresias","7":"desktop-align-center","8":"tablet-align-left","9":"mobile-align-left","11":"first","12":"instock","13":"sold-individually","14":"taxable","15":"shipping-taxable","16":"purchasable","17":"product-type-variable"},"aioseo_notices":[],"_links":{"self":[{"href":"https:\/\/bicsi-cala.org\/en\/wp-json\/wp\/v2\/product\/5695"}],"collection":[{"href":"https:\/\/bicsi-cala.org\/en\/wp-json\/wp\/v2\/product"}],"about":[{"href":"https:\/\/bicsi-cala.org\/en\/wp-json\/wp\/v2\/types\/product"}],"wp:featuredmedia":[{"embeddable":true,"href":"https:\/\/bicsi-cala.org\/en\/wp-json\/wp\/v2\/media\/5598"}],"wp:attachment":[{"href":"https:\/\/bicsi-cala.org\/en\/wp-json\/wp\/v2\/media?parent=5695"}],"wp:term":[{"taxonomy":"product_brand","embeddable":true,"href":"https:\/\/bicsi-cala.org\/en\/wp-json\/wp\/v2\/product_brand?post=5695"},{"taxonomy":"product_cat","embeddable":true,"href":"https:\/\/bicsi-cala.org\/en\/wp-json\/wp\/v2\/product_cat?post=5695"},{"taxonomy":"product_tag","embeddable":true,"href":"https:\/\/bicsi-cala.org\/en\/wp-json\/wp\/v2\/product_tag?post=5695"}],"curies":[{"name":"wp","href":"https:\/\/api.w.org\/{rel}","templated":true}]}}