{"id":4387,"date":"2024-05-14T19:31:06","date_gmt":"2024-05-14T19:31:06","guid":{"rendered":"https:\/\/bicsi-cala.org\/home\/"},"modified":"2026-03-09T20:05:43","modified_gmt":"2026-03-09T20:05:43","slug":"home","status":"publish","type":"page","link":"https:\/\/bicsi-cala.org\/pt\/","title":{"rendered":"In\u00edcio"},"content":{"rendered":"<div data-elementor-type=\"wp-page\" data-elementor-id=\"4387\" class=\"elementor elementor-4387\">\n\t\t\t\t<div class=\"elementor-element elementor-element-bae867d e-flex e-con-boxed e-con e-parent\" data-id=\"bae867d\" data-element_type=\"container\">\n\t\t\t\t\t<div class=\"e-con-inner\">\n\t\t\t\t<div class=\"elementor-element elementor-element-19d1779 elementor-widget elementor-widget-shortcode\" data-id=\"19d1779\" data-element_type=\"widget\" data-widget_type=\"shortcode.default\">\n\t\t\t\t<div class=\"elementor-widget-container\">\n\t\t\t\t\t\t\t<div class=\"elementor-shortcode\"><\/div>\n\t\t\t\t\t\t<\/div>\n\t\t\t\t<\/div>\n\t\t\t\t\t<\/div>\n\t\t\t\t<\/div>\n\t\t<div class=\"elementor-element elementor-element-aef5fd5 elementor-hidden-desktop elementor-hidden-tablet elementor-hidden-mobile e-flex e-con-boxed e-con e-parent\" data-id=\"aef5fd5\" data-element_type=\"container\" data-settings=\"{&quot;background_background&quot;:&quot;video&quot;,&quot;background_video_link&quot;:&quot;https:\\\/\\\/bicsi-cala.org\\\/wp-content\\\/uploads\\\/2024\\\/05\\\/bicsi-cala-video-1a.mp4&quot;}\">\n\t\t\t\t\t<div class=\"e-con-inner\">\n\t\t<div class=\"elementor-background-video-container elementor-hidden-mobile\" aria-hidden=\"true\">\n\t\t\t\t\t\t\t<video class=\"elementor-background-video-hosted\" autoplay muted playsinline loop><\/video>\n\t\t\t\t\t<\/div><div class=\"elementor-element elementor-element-f343400 e-con-full e-flex e-con e-child\" data-id=\"f343400\" data-element_type=\"container\">\n\t\t\t\t<div class=\"elementor-element elementor-element-5e370e0 elementor-invisible elementor-widget elementor-widget-heading\" data-id=\"5e370e0\" data-element_type=\"widget\" data-settings=\"{&quot;_animation&quot;:&quot;fadeIn&quot;,&quot;_animation_delay&quot;:600}\" data-widget_type=\"heading.default\">\n\t\t\t\t<div class=\"elementor-widget-container\">\n\t\t\t\t\t<h1 class=\"elementor-heading-title elementor-size-default\">Impulsionamos as Tecnologias da Informa\u00e7\u00e3o e Comunica\u00e7\u00e3o (TIC).<\/h1>\t\t\t\t<\/div>\n\t\t\t\t<\/div>\n\t\t\t\t<div class=\"elementor-element elementor-element-1f905f6 elementor-widget__width-initial elementor-invisible elementor-widget elementor-widget-heading\" data-id=\"1f905f6\" data-element_type=\"widget\" data-settings=\"{&quot;_animation&quot;:&quot;fadeIn&quot;,&quot;_animation_delay&quot;:700}\" data-widget_type=\"heading.default\">\n\t\t\t\t<div class=\"elementor-widget-container\">\n\t\t\t\t\t<h3 class=\"elementor-heading-title elementor-size-default\">Apoyamos a los profesionales del ICT en Caribe y Latinoam\u00e9rica<\/h3>\t\t\t\t<\/div>\n\t\t\t\t<\/div>\n\t\t<div class=\"elementor-element elementor-element-dcec449 e-flex e-con-boxed e-con e-child\" data-id=\"dcec449\" data-element_type=\"container\">\n\t\t\t\t\t<div class=\"e-con-inner\">\n\t\t\t\t<div class=\"elementor-element elementor-element-86a1fc3 elementor-align-right elementor-mobile-align-justify elementor-tablet-align-left elementor-widget-mobile__width-inherit elementor-widget elementor-widget-button\" data-id=\"86a1fc3\" data-element_type=\"widget\" data-widget_type=\"button.default\">\n\t\t\t\t<div class=\"elementor-widget-container\">\n\t\t\t\t\t\t\t\t\t<div class=\"elementor-button-wrapper\">\n\t\t\t\t\t<a class=\"elementor-button elementor-button-link elementor-size-sm\" href=\"#acerca-de\">\n\t\t\t\t\t\t<span class=\"elementor-button-content-wrapper\">\n\t\t\t\t\t\t\t\t\t<span class=\"elementor-button-text\">Ver mais<\/span>\n\t\t\t\t\t<\/span>\n\t\t\t\t\t<\/a>\n\t\t\t\t<\/div>\n\t\t\t\t\t\t\t\t<\/div>\n\t\t\t\t<\/div>\n\t\t\t\t\t<\/div>\n\t\t\t\t<\/div>\n\t\t\t\t<\/div>\n\t\t\t\t\t<\/div>\n\t\t\t\t<\/div>\n\t\t<div class=\"elementor-element elementor-element-7ad4ded e-flex e-con-boxed e-con e-parent\" data-id=\"7ad4ded\" data-element_type=\"container\">\n\t\t\t\t\t<div class=\"e-con-inner\">\n\t\t\t\t<div class=\"elementor-element elementor-element-448f76f elementor-hidden-desktop elementor-hidden-tablet elementor-hidden-mobile elementor-widget elementor-widget-heading\" data-id=\"448f76f\" data-element_type=\"widget\" data-widget_type=\"heading.default\">\n\t\t\t\t<div class=\"elementor-widget-container\">\n\t\t\t\t\t<h2 class=\"elementor-heading-title elementor-size-default\">Building Industry Consulting Services International (BICSI) <\/h2>\t\t\t\t<\/div>\n\t\t\t\t<\/div>\n\t\t\t\t<div class=\"elementor-element elementor-element-1d1d128 elementor-widget elementor-widget-text-editor\" data-id=\"1d1d128\" data-element_type=\"widget\" data-widget_type=\"text-editor.default\">\n\t\t\t\t<div class=\"elementor-widget-container\">\n\t\t\t\t\t\t\t\t\t<p class=\"translation-block\"><strong>BICSI<\/strong> \u00e9 uma <strong>associa\u00e7\u00e3o profissional que apoia o avan\u00e7o da profiss\u00e3o de tecnologias da informa\u00e7\u00e3o e comunica\u00e7\u00e3o (TIC).<\/strong><\/p>\t\t\t\t\t\t\t\t<\/div>\n\t\t\t\t<\/div>\n\t\t\t\t<div class=\"elementor-element elementor-element-b3b3059 elementor-widget elementor-widget-text-editor\" data-id=\"b3b3059\" data-element_type=\"widget\" data-widget_type=\"text-editor.default\">\n\t\t\t\t<div class=\"elementor-widget-container\">\n\t\t\t\t\t\t\t\t\t<p class=\"translation-block\"><b>BICSI<\/b> fornece informa\u00e7\u00f5es, treinamento e avalia\u00e7\u00e3o de conhecimentos para indiv\u00edduos e empresas do setor de TIC.<\/p>\t\t\t\t\t\t\t\t<\/div>\n\t\t\t\t<\/div>\n\t\t\t\t<div class=\"elementor-element elementor-element-febfb65 elementor-widget elementor-widget-text-editor\" data-id=\"febfb65\" data-element_type=\"widget\" data-widget_type=\"text-editor.default\">\n\t\t\t\t<div class=\"elementor-widget-container\">\n\t\t\t\t\t\t\t\t\t<p class=\"translation-block\"><b>BICSI<\/b> atende mais de 26.000 membros e titulares de credenciais, incluindo designers, instaladores e t\u00e9cnicos; essas pessoas fornecem a infraestrutura fundamental para <b>sistemas de telecomunica\u00e7\u00f5es, \u00e1udio\/v\u00eddeo, seguran\u00e7a eletr\u00f4nica e automa\u00e7\u00e3o<\/b>, por meio de <b>cursos, confer\u00eancias e eventos, publica\u00e7\u00f5es e programas de certifica\u00e7\u00e3o profissional<\/b>.<\/p>\t\t\t\t\t\t\t\t<\/div>\n\t\t\t\t<\/div>\n\t\t\t\t\t<\/div>\n\t\t\t\t<\/div>\n\t\t<div class=\"elementor-element elementor-element-d80234c e-flex e-con-boxed e-con e-parent\" data-id=\"d80234c\" data-element_type=\"container\" id=\"acerca-de\">\n\t\t\t\t\t<div class=\"e-con-inner\">\n\t\t<div class=\"elementor-element elementor-element-fa22aa7 e-con-full e-flex e-con e-child\" data-id=\"fa22aa7\" data-element_type=\"container\" data-settings=\"{&quot;background_background&quot;:&quot;classic&quot;}\">\n\t\t\t\t<\/div>\n\t\t<div class=\"elementor-element elementor-element-631bf48 e-con-full e-flex e-con e-child\" data-id=\"631bf48\" data-element_type=\"container\" data-settings=\"{&quot;background_background&quot;:&quot;classic&quot;}\">\n\t\t\t\t<div class=\"elementor-element elementor-element-d2670c9 elementor-widget elementor-widget-text-editor\" data-id=\"d2670c9\" data-element_type=\"widget\" data-widget_type=\"text-editor.default\">\n\t\t\t\t<div class=\"elementor-widget-container\">\n\t\t\t\t\t\t\t\t\t<p class=\"translation-block\">A equipe e os volunt\u00e1rios da <strong>BICSI<\/strong> ajudam os profissionais de <strong>TIC<\/strong> a fornecer produtos e servi\u00e7os cr\u00edticos para suas comunidades e oferecem oportunidades para o progresso profissional das <strong>TIC<\/strong>.<\/p><p style=\"font-weight: 400;\" class=\"translation-block\">Com sede em Tampa, Fl\u00f3rida, EUA, a BICSI conta com membros em quase 100 pa\u00edses. Para mais informa\u00e7\u00f5es, consulte: <strong><a href=\"http:\/\/www.bicsi.org\/\" data-saferedirecturl=\"https:\/\/www.google.com\/url?q=http:\/\/www.bicsi.org&amp;source=gmail&amp;ust=1716891401239000&amp;usg=AOvVaw2a8yCbmI-F3mZ_Gf_yWKmi\" target=\"_self\">www.bicsi.org<\/a><\/strong>.<\/p>\t\t\t\t\t\t\t\t<\/div>\n\t\t\t\t<\/div>\n\t\t\t\t<\/div>\n\t\t\t\t\t<\/div>\n\t\t\t\t<\/div>\n\t\t<div class=\"elementor-element elementor-element-c6be6cc e-flex e-con-boxed e-con e-parent\" data-id=\"c6be6cc\" data-element_type=\"container\">\n\t\t\t\t\t<div class=\"e-con-inner\">\n\t\t<div class=\"elementor-element elementor-element-c1ac7f7 e-con-full e-flex e-con e-child\" data-id=\"c1ac7f7\" data-element_type=\"container\" data-settings=\"{&quot;background_background&quot;:&quot;classic&quot;}\">\n\t\t\t\t<div class=\"elementor-element elementor-element-6edca29 elementor-widget elementor-widget-text-editor\" data-id=\"6edca29\" data-element_type=\"widget\" data-widget_type=\"text-editor.default\">\n\t\t\t\t<div class=\"elementor-widget-container\">\n\t\t\t\t\t\t\t\t\t<p><strong>BICSI CALA<\/strong> es el afiliado que cubre <strong>Caribe y Latinoam\u00e9rica<\/strong>.<\/p><p class=\"translation-block\">Esta alian\u00e7a estrat\u00e9gica destaca a dedica\u00e7\u00e3o da <strong>BICSI<\/strong> para avan\u00e7ar na profiss\u00e3o de <strong>TIC<\/strong> em todo o mundo. A incorpora\u00e7\u00e3o da <strong>BICSI CALA<\/strong> ampliar\u00e1 o acesso \u00e0s oportunidades de desenvolvimento profissional para os profissionais de <strong>TIC<\/strong> e fortalecer\u00e1 a comunidade de membros, incluindo consultores, designers, fabricantes, distribuidores e integradores de sistemas.<\/p>\t\t\t\t\t\t\t\t<\/div>\n\t\t\t\t<\/div>\n\t\t\t\t<\/div>\n\t\t<div class=\"elementor-element elementor-element-98a502c e-con-full e-flex e-con e-child\" data-id=\"98a502c\" data-element_type=\"container\" data-settings=\"{&quot;background_background&quot;:&quot;classic&quot;}\">\n\t\t\t\t<\/div>\n\t\t\t\t\t<\/div>\n\t\t\t\t<\/div>\n\t\t<div class=\"elementor-element elementor-element-8cb7455 e-flex e-con-boxed e-con e-parent\" data-id=\"8cb7455\" data-element_type=\"container\" data-settings=\"{&quot;background_background&quot;:&quot;classic&quot;}\">\n\t\t\t\t\t<div class=\"e-con-inner\">\n\t\t<div class=\"elementor-element elementor-element-f209be7 e-flex e-con-boxed e-con e-child\" data-id=\"f209be7\" data-element_type=\"container\" data-settings=\"{&quot;background_background&quot;:&quot;slideshow&quot;,&quot;background_slideshow_gallery&quot;:[{&quot;id&quot;:14937,&quot;url&quot;:&quot;https:\\\/\\\/bicsi-cala.org\\\/wp-content\\\/uploads\\\/2026\\\/03\\\/bicsi-cala-cr-2026-slide-1.webp&quot;},{&quot;id&quot;:14939,&quot;url&quot;:&quot;https:\\\/\\\/bicsi-cala.org\\\/wp-content\\\/uploads\\\/2026\\\/03\\\/bicsi-cala-pr-2026-slide-1.webp&quot;},{&quot;id&quot;:14938,&quot;url&quot;:&quot;https:\\\/\\\/bicsi-cala.org\\\/wp-content\\\/uploads\\\/2026\\\/03\\\/bicsi-cala-panam-2026-slide-1.webp&quot;},{&quot;id&quot;:14940,&quot;url&quot;:&quot;https:\\\/\\\/bicsi-cala.org\\\/wp-content\\\/uploads\\\/2026\\\/03\\\/bicsi-cala-puerto-rico-2026-slide-1.webp&quot;},{&quot;id&quot;:6431,&quot;url&quot;:&quot;https:\\\/\\\/bicsi-cala.org\\\/wp-content\\\/uploads\\\/2024\\\/07\\\/bicsi-cala-feat-36.webp&quot;},{&quot;id&quot;:6432,&quot;url&quot;:&quot;https:\\\/\\\/bicsi-cala.org\\\/wp-content\\\/uploads\\\/2024\\\/07\\\/bicsi-cala-feat-37.webp&quot;},{&quot;id&quot;:6433,&quot;url&quot;:&quot;https:\\\/\\\/bicsi-cala.org\\\/wp-content\\\/uploads\\\/2024\\\/07\\\/bicsi-cala-feat-38.webp&quot;},{&quot;id&quot;:6434,&quot;url&quot;:&quot;https:\\\/\\\/bicsi-cala.org\\\/wp-content\\\/uploads\\\/2024\\\/07\\\/bicsi-cala-feat-39.webp&quot;}],&quot;background_slideshow_loop&quot;:&quot;yes&quot;,&quot;background_slideshow_slide_duration&quot;:5000,&quot;background_slideshow_slide_transition&quot;:&quot;fade&quot;,&quot;background_slideshow_transition_duration&quot;:500}\">\n\t\t\t\t\t<div class=\"e-con-inner\">\n\t\t<div class=\"elementor-element elementor-element-472a5a9 e-flex e-con-boxed e-con e-child\" data-id=\"472a5a9\" data-element_type=\"container\">\n\t\t\t\t\t<div class=\"e-con-inner\">\n\t\t\t\t<div class=\"elementor-element elementor-element-4d7ab0d elementor-widget elementor-widget-heading\" data-id=\"4d7ab0d\" data-element_type=\"widget\" data-widget_type=\"heading.default\">\n\t\t\t\t<div class=\"elementor-widget-container\">\n\t\t\t\t\t<h4 class=\"elementor-heading-title elementor-size-default translation-block\">Participe de um pr\u00f3ximo evento<br>da <b>BICSI CALA<\/b><\/h4>\t\t\t\t<\/div>\n\t\t\t\t<\/div>\n\t\t\t\t<div class=\"elementor-element elementor-element-96346df elementor-widget elementor-widget-text-editor\" data-id=\"96346df\" data-element_type=\"widget\" data-widget_type=\"text-editor.default\">\n\t\t\t\t<div class=\"elementor-widget-container\">\n\t\t\t\t\t\t\t\t\t<p>Compartilhe com profissionais de TIC da Am\u00e9rica Latina e do Caribe informa\u00e7\u00f5es atualizadas sobre as \u00faltimas tend\u00eancias tecnol\u00f3gicas, normas e melhores pr\u00e1ticas da Ind\u00fastria.<\/p><p><strong>Consulte aqui sobre os Pr\u00f3ximos eventos<\/strong><\/p>\t\t\t\t\t\t\t\t<\/div>\n\t\t\t\t<\/div>\n\t\t\t\t<div class=\"elementor-element elementor-element-4611f89 elementor-align-right elementor-mobile-align-justify elementor-tablet-align-left elementor-widget-mobile__width-inherit elementor-widget elementor-widget-button\" data-id=\"4611f89\" data-element_type=\"widget\" data-widget_type=\"button.default\">\n\t\t\t\t<div class=\"elementor-widget-container\">\n\t\t\t\t\t\t\t\t\t<div class=\"elementor-button-wrapper\">\n\t\t\t\t\t<a class=\"elementor-button elementor-button-link elementor-size-sm\" href=\"https:\/\/bicsi-cala.org\/pt\/eventos\/\">\n\t\t\t\t\t\t<span class=\"elementor-button-content-wrapper\">\n\t\t\t\t\t\t\t\t\t<span class=\"elementor-button-text\">Ver mais<\/span>\n\t\t\t\t\t<\/span>\n\t\t\t\t\t<\/a>\n\t\t\t\t<\/div>\n\t\t\t\t\t\t\t\t<\/div>\n\t\t\t\t<\/div>\n\t\t\t\t\t<\/div>\n\t\t\t\t<\/div>\n\t\t\t\t\t<\/div>\n\t\t\t\t<\/div>\n\t\t\t\t\t<\/div>\n\t\t\t\t<\/div>\n\t\t<div class=\"elementor-element elementor-element-f22fc9c elementor-hidden-desktop elementor-hidden-tablet elementor-hidden-mobile e-flex e-con-boxed e-con e-parent\" data-id=\"f22fc9c\" data-element_type=\"container\" data-settings=\"{&quot;background_background&quot;:&quot;classic&quot;}\">\n\t\t\t\t\t<div class=\"e-con-inner\">\n\t\t<div class=\"elementor-element elementor-element-3a7a354 e-flex e-con-boxed e-con e-child\" data-id=\"3a7a354\" data-element_type=\"container\" data-settings=\"{&quot;background_background&quot;:&quot;classic&quot;}\">\n\t\t\t\t\t<div class=\"e-con-inner\">\n\t\t<div class=\"elementor-element elementor-element-b8a794e e-flex e-con-boxed e-con e-child\" data-id=\"b8a794e\" data-element_type=\"container\">\n\t\t\t\t\t<div class=\"e-con-inner\">\n\t\t\t\t<div class=\"elementor-element elementor-element-9a40223 elementor-widget elementor-widget-heading\" data-id=\"9a40223\" data-element_type=\"widget\" data-widget_type=\"heading.default\">\n\t\t\t\t<div class=\"elementor-widget-container\">\n\t\t\t\t\t<h4 class=\"elementor-heading-title elementor-size-default\">Visite pronto este sitio web para disfrutar de contenidos interesantes especialmente dise\u00f1ados para <b>BICSI CALA.<\/b><\/h4>\t\t\t\t<\/div>\n\t\t\t\t<\/div>\n\t\t\t\t<div class=\"elementor-element elementor-element-39e80c3 elementor-widget elementor-widget-text-editor\" data-id=\"39e80c3\" data-element_type=\"widget\" data-widget_type=\"text-editor.default\">\n\t\t\t\t<div class=\"elementor-widget-container\">\n\t\t\t\t\t\t\t\t\t<p>Si necesita informaci\u00f3n, p\u00f3ngase en contacto con nosotros y un representante se pondr\u00e1 en contacto con usted en breve. \u00a1Gracias por su inter\u00e9s!<\/p>\t\t\t\t\t\t\t\t<\/div>\n\t\t\t\t<\/div>\n\t\t\t\t<div class=\"elementor-element elementor-element-9553e06 elementor-align-right elementor-mobile-align-justify elementor-tablet-align-left elementor-widget-mobile__width-inherit elementor-widget elementor-widget-button\" data-id=\"9553e06\" data-element_type=\"widget\" data-widget_type=\"button.default\">\n\t\t\t\t<div class=\"elementor-widget-container\">\n\t\t\t\t\t\t\t\t\t<div class=\"elementor-button-wrapper\">\n\t\t\t\t\t<a class=\"elementor-button elementor-button-link elementor-size-sm\" href=\"https:\/\/bicsi-cala.org\/pt\/contactos\/\">\n\t\t\t\t\t\t<span class=\"elementor-button-content-wrapper\">\n\t\t\t\t\t\t\t\t\t<span class=\"elementor-button-text\">Cont\u00e1ctenos<\/span>\n\t\t\t\t\t<\/span>\n\t\t\t\t\t<\/a>\n\t\t\t\t<\/div>\n\t\t\t\t\t\t\t\t<\/div>\n\t\t\t\t<\/div>\n\t\t\t\t\t<\/div>\n\t\t\t\t<\/div>\n\t\t\t\t\t<\/div>\n\t\t\t\t<\/div>\n\t\t\t\t\t<\/div>\n\t\t\t\t<\/div>\n\t\t<div class=\"elementor-element elementor-element-be97f60 elementor-hidden-desktop elementor-hidden-tablet elementor-hidden-mobile e-flex e-con-boxed e-con e-parent\" data-id=\"be97f60\" data-element_type=\"container\">\n\t\t\t\t\t<div class=\"e-con-inner\">\n\t\t<div class=\"elementor-element elementor-element-e84a0e7 e-con-full e-flex e-con e-child\" data-id=\"e84a0e7\" data-element_type=\"container\">\n\t\t\t\t<div class=\"elementor-element elementor-element-36e744c elementor-arrows-position-inside elementor-widget elementor-widget-image-carousel\" data-id=\"36e744c\" data-element_type=\"widget\" data-settings=\"{&quot;slides_to_show&quot;:&quot;5&quot;,&quot;slides_to_scroll_tablet&quot;:&quot;1&quot;,&quot;slides_to_scroll_mobile&quot;:&quot;1&quot;,&quot;navigation&quot;:&quot;arrows&quot;,&quot;slides_to_scroll&quot;:&quot;1&quot;,&quot;autoplay_speed&quot;:2000,&quot;autoplay&quot;:&quot;yes&quot;,&quot;pause_on_hover&quot;:&quot;yes&quot;,&quot;pause_on_interaction&quot;:&quot;yes&quot;,&quot;infinite&quot;:&quot;yes&quot;,&quot;speed&quot;:500}\" data-widget_type=\"image-carousel.default\">\n\t\t\t\t<div class=\"elementor-widget-container\">\n\t\t\t\t\t\t\t<div class=\"elementor-image-carousel-wrapper swiper\" role=\"region\" aria-roledescription=\"carousel\" aria-label=\"Carrusel de im\u00e1genes\" dir=\"ltr\">\n\t\t\t<div class=\"elementor-image-carousel swiper-wrapper\" aria-live=\"off\">\n\t\t\t\t\t\t\t\t<div class=\"swiper-slide\" role=\"group\" aria-roledescription=\"slide\" aria-label=\"1 de 5\"><figure class=\"swiper-slide-inner\"><img decoding=\"async\" class=\"swiper-slide-image\" src=\"https:\/\/bicsi-cala.org\/wp-content\/uploads\/2021\/03\/client-logo-1.png\" alt=\"client-logo-1\" \/><\/figure><\/div><div class=\"swiper-slide\" role=\"group\" aria-roledescription=\"slide\" aria-label=\"2 de 5\"><figure class=\"swiper-slide-inner\"><img decoding=\"async\" class=\"swiper-slide-image\" src=\"https:\/\/bicsi-cala.org\/wp-content\/uploads\/2021\/03\/client-logo-2.png\" alt=\"client-logo-2\" \/><\/figure><\/div><div class=\"swiper-slide\" role=\"group\" aria-roledescription=\"slide\" aria-label=\"3 de 5\"><figure class=\"swiper-slide-inner\"><img decoding=\"async\" class=\"swiper-slide-image\" src=\"https:\/\/bicsi-cala.org\/wp-content\/uploads\/2021\/03\/client-logo-3.png\" alt=\"client-logo-3\" \/><\/figure><\/div><div class=\"swiper-slide\" role=\"group\" aria-roledescription=\"slide\" aria-label=\"4 de 5\"><figure class=\"swiper-slide-inner\"><img decoding=\"async\" class=\"swiper-slide-image\" src=\"https:\/\/bicsi-cala.org\/wp-content\/uploads\/2022\/08\/client-logo-5.png\" alt=\"client-logo-5\" \/><\/figure><\/div><div class=\"swiper-slide\" role=\"group\" aria-roledescription=\"slide\" aria-label=\"5 de 5\"><figure class=\"swiper-slide-inner\"><img decoding=\"async\" class=\"swiper-slide-image\" src=\"https:\/\/bicsi-cala.org\/wp-content\/uploads\/2021\/03\/client-logo-4.png\" alt=\"client-logo-4\" \/><\/figure><\/div>\t\t\t<\/div>\n\t\t\t\t\t\t\t\t\t\t\t\t<div class=\"elementor-swiper-button elementor-swiper-button-prev\" role=\"button\" tabindex=\"0\">\n\t\t\t\t\t\t<svg aria-hidden=\"true\" class=\"e-font-icon-svg e-eicon-chevron-left\" viewbox=\"0 0 1000 1000\" xmlns=\"http:\/\/www.w3.org\/2000\/svg\"><path d=\"M646 125C629 125 613 133 604 142L308 442C296 454 292 471 292 487 292 504 296 521 308 533L604 854C617 867 629 875 646 875 663 875 679 871 692 858 704 846 713 829 713 812 713 796 708 779 692 767L438 487 692 225C700 217 708 204 708 187 708 171 704 154 692 142 675 129 663 125 646 125Z\"><\/path><\/svg>\t\t\t\t\t<\/div>\n\t\t\t\t\t<div class=\"elementor-swiper-button elementor-swiper-button-next\" role=\"button\" tabindex=\"0\">\n\t\t\t\t\t\t<svg aria-hidden=\"true\" class=\"e-font-icon-svg e-eicon-chevron-right\" viewbox=\"0 0 1000 1000\" xmlns=\"http:\/\/www.w3.org\/2000\/svg\"><path d=\"M696 533C708 521 713 504 713 487 713 471 708 454 696 446L400 146C388 133 375 125 354 125 338 125 325 129 313 142 300 154 292 171 292 187 292 204 296 221 308 233L563 492 304 771C292 783 288 800 288 817 288 833 296 850 308 863 321 871 338 875 354 875 371 875 388 867 400 854L696 533Z\"><\/path><\/svg>\t\t\t\t\t<\/div>\n\t\t\t\t\n\t\t\t\t\t\t\t\t\t<\/div>\n\t\t\t\t\t\t<\/div>\n\t\t\t\t<\/div>\n\t\t\t\t<\/div>\n\t\t\t\t\t<\/div>\n\t\t\t\t<\/div>\n\t\t\t\t<\/div>","protected":false},"excerpt":{"rendered":"<p>Impulsamos las Tecnolog\u00edas de Informaci\u00f3n y Comunicaciones (TIC) Apoyamos a los profesionales del ICT en Caribe y Latinoam\u00e9rica Ver m\u00e1s Building Industry Consulting Services International (BICSI) BICSI es una asociaci\u00f3n profesional que apoya el avance de la profesi\u00f3n de las tecnolog\u00edas de la informaci\u00f3n y la comunicaci\u00f3n (TIC). BICSI\u00a0proporciona informaci\u00f3n, formaci\u00f3n y evaluaci\u00f3n de conocimientos [&hellip;]<\/p>","protected":false},"author":1,"featured_media":0,"parent":0,"menu_order":0,"comment_status":"closed","ping_status":"closed","template":"","meta":{"site-sidebar-layout":"no-sidebar","site-content-layout":"page-builder","ast-site-content-layout":"full-width-container","site-content-style":"unboxed","site-sidebar-style":"unboxed","ast-global-header-display":"","ast-banner-title-visibility":"","ast-main-header-display":"","ast-hfb-above-header-display":"","ast-hfb-below-header-display":"","ast-hfb-mobile-header-display":"","site-post-title":"disabled","ast-breadcrumbs-content":"","ast-featured-img":"disabled","footer-sml-layout":"","ast-disable-related-posts":"","theme-transparent-header-meta":"enabled","adv-header-id-meta":"","stick-header-meta":"","header-above-stick-meta":"","header-main-stick-meta":"","header-below-stick-meta":"","astra-migrate-meta-layouts":"set","ast-page-background-enabled":"default","ast-page-background-meta":{"desktop":{"background-color":"","background-image":"","background-repeat":"repeat","background-position":"center center","background-size":"auto","background-attachment":"scroll","background-type":"","background-media":"","overlay-type":"","overlay-color":"","overlay-opacity":"","overlay-gradient":""},"tablet":{"background-color":"","background-image":"","background-repeat":"repeat","background-position":"center center","background-size":"auto","background-attachment":"scroll","background-type":"","background-media":"","overlay-type":"","overlay-color":"","overlay-opacity":"","overlay-gradient":""},"mobile":{"background-color":"","background-image":"","background-repeat":"repeat","background-position":"center center","background-size":"auto","background-attachment":"scroll","background-type":"","background-media":"","overlay-type":"","overlay-color":"","overlay-opacity":"","overlay-gradient":""}},"ast-content-background-meta":{"desktop":{"background-color":"var(--ast-global-color-5)","background-image":"","background-repeat":"repeat","background-position":"center center","background-size":"auto","background-attachment":"scroll","background-type":"","background-media":"","overlay-type":"","overlay-color":"","overlay-opacity":"","overlay-gradient":""},"tablet":{"background-color":"var(--ast-global-color-5)","background-image":"","background-repeat":"repeat","background-position":"center center","background-size":"auto","background-attachment":"scroll","background-type":"","background-media":"","overlay-type":"","overlay-color":"","overlay-opacity":"","overlay-gradient":""},"mobile":{"background-color":"var(--ast-global-color-5)","background-image":"","background-repeat":"repeat","background-position":"center center","background-size":"auto","background-attachment":"scroll","background-type":"","background-media":"","overlay-type":"","overlay-color":"","overlay-opacity":"","overlay-gradient":""}},"footnotes":""},"class_list":["post-4387","page","type-page","status-publish","hentry"],"aioseo_notices":[],"_links":{"self":[{"href":"https:\/\/bicsi-cala.org\/pt\/wp-json\/wp\/v2\/pages\/4387"}],"collection":[{"href":"https:\/\/bicsi-cala.org\/pt\/wp-json\/wp\/v2\/pages"}],"about":[{"href":"https:\/\/bicsi-cala.org\/pt\/wp-json\/wp\/v2\/types\/page"}],"author":[{"embeddable":true,"href":"https:\/\/bicsi-cala.org\/pt\/wp-json\/wp\/v2\/users\/1"}],"replies":[{"embeddable":true,"href":"https:\/\/bicsi-cala.org\/pt\/wp-json\/wp\/v2\/comments?post=4387"}],"version-history":[{"count":258,"href":"https:\/\/bicsi-cala.org\/pt\/wp-json\/wp\/v2\/pages\/4387\/revisions"}],"predecessor-version":[{"id":14943,"href":"https:\/\/bicsi-cala.org\/pt\/wp-json\/wp\/v2\/pages\/4387\/revisions\/14943"}],"wp:attachment":[{"href":"https:\/\/bicsi-cala.org\/pt\/wp-json\/wp\/v2\/media?parent=4387"}],"curies":[{"name":"wp","href":"https:\/\/api.w.org\/{rel}","templated":true}]}}