{"id":7157,"date":"2024-07-15T14:48:58","date_gmt":"2024-07-15T14:48:58","guid":{"rendered":"https:\/\/bicsi-cala.org\/?page_id=7157"},"modified":"2025-02-24T18:46:43","modified_gmt":"2025-02-24T18:46:43","slug":"aviso-de-privacidad-y-manejo-de-datos-personales","status":"publish","type":"page","link":"https:\/\/bicsi-cala.org\/pt\/aviso-de-privacidad-y-manejo-de-datos-personales\/","title":{"rendered":"Aviso de privacidad y manejo de datos personales"},"content":{"rendered":"<div data-elementor-type=\"wp-page\" data-elementor-id=\"7157\" class=\"elementor elementor-7157\">\n\t\t\t\t<div class=\"elementor-element elementor-element-688bb30 e-flex e-con-boxed e-con e-parent\" data-id=\"688bb30\" data-element_type=\"container\" data-settings=\"{&quot;background_background&quot;:&quot;classic&quot;}\">\n\t\t\t\t\t<div class=\"e-con-inner\">\n\t\t<div class=\"elementor-element elementor-element-ebb41a8 e-con-full e-flex e-con e-child\" data-id=\"ebb41a8\" data-element_type=\"container\">\n\t\t\t\t<div class=\"elementor-element elementor-element-7f1c23f elementor-widget elementor-widget-heading\" data-id=\"7f1c23f\" data-element_type=\"widget\" data-widget_type=\"heading.default\">\n\t\t\t\t<div class=\"elementor-widget-container\">\n\t\t\t\t\t<h1 class=\"elementor-heading-title elementor-size-default\">Aviso de privacidade<\/h1>\t\t\t\t<\/div>\n\t\t\t\t<\/div>\n\t\t\t\t<\/div>\n\t\t\t\t\t<\/div>\n\t\t\t\t<\/div>\n\t\t<div class=\"elementor-element elementor-element-2986baf e-flex e-con-boxed e-con e-parent\" data-id=\"2986baf\" data-element_type=\"container\" data-settings=\"{&quot;background_background&quot;:&quot;classic&quot;}\">\n\t\t\t\t\t<div class=\"e-con-inner\">\n\t\t\t\t<div class=\"elementor-element elementor-element-ec7df14 elementor-widget elementor-widget-text-editor\" data-id=\"ec7df14\" data-element_type=\"widget\" data-widget_type=\"text-editor.default\">\n\t\t\t\t<div class=\"elementor-widget-container\">\n\t\t\t\t\t\t\t\t\t<p class=\"translation-block\"><strong>CALA Telecom Partners, S.A. (BICSI CALA)<\/strong> comunica que os dados pessoais fornecidos ser\u00e3o tratados de forma confidencial e segura. Respeitando os princ\u00edpios estabelecidos na regulamenta\u00e7\u00e3o em vigor sobre a mat\u00e9ria e em conformidade com a pol\u00edtica de prote\u00e7\u00e3o de dados adoptada nos seguintes pa\u00edses:<\/p><p><strong>As finalidades para as quais os dados pessoais ser\u00e3o submetidos s\u00e3o as seguintes:<\/strong>\u00a0\u00a0<\/p><ul><li>Informar sobre o lan\u00e7amento de servi\u00e7os e\/ou informa\u00e7\u00f5es de valor agregado para os membros BICSI e profissionais associados ao BICSI CALA.<\/li><li>Conhecer as prefer\u00eancias e necessidades dos potenciais membros, a fim de oferecer a melhor alternativa em termos de solu\u00e7\u00f5es de estrat\u00e9gias digitais e conte\u00fado que satisfa\u00e7am plenamente seus requisitos.<\/li><li>Documentar o processo de relacionamento com os membros e usu\u00e1rios.<\/li><li>Realizar pesquisas de satisfa\u00e7\u00e3o de membros e usu\u00e1rios, qualidade do servi\u00e7o e para implementar programas de fideliza\u00e7\u00e3o de clientes.<\/li><li>Informar sobre atividades do setor de marketing digital e\/ou eventos da \u00e1rea, jornadas acad\u00eamicas ligadas ou n\u00e3o ao setor, de acordo com o interesse e prefer\u00eancias.<\/li><li class=\"translation-block\">Compartilhar informa\u00e7\u00f5es com terceiros selecionados pela <strong>CALA Telecom Partners, S.A.<\/strong>com a finalidade de ajudar a fornecer, analisar e melhorar nosso site e os servi\u00e7os aos Membros.<\/li><li>Compartilhar com expositores e patrocinadores de eventos realizados em nossa regi\u00e3o para fins promocionais, somente se o usu\u00e1rio tiver se registrado e participado de um de nossos eventos.<\/li><li>As indicadas na Pol\u00edtica de prote\u00e7\u00e3o de dados disposta para seu conhecimento no link indicado neste aviso.<\/li><\/ul><p class=\"translation-block\">Para as finalidades descritas acima, a <strong>CALA Telecom Partners, S.A. (BICSI CALA),<\/strong>poder\u00e1 informar atrav\u00e9s dos n\u00fameros de telefone fixos ou celulares, conta de e-mail, endere\u00e7o de notifica\u00e7\u00f5es, ferramentas de comunica\u00e7\u00e3o social, entre outros dados fornecidos por seus potenciais membros ou clientes <strong>CALA Telecom Partners, S.A. (BICSI CALA)<\/strong> Qualquer consulta e\/ou reclama\u00e7\u00e3o sobre nosso \u201cAviso de Privacidade\u201d, tratamento de seus dados pessoais ou para acessar, retificar ou modificar estes, poder\u00e1 ser realizada atrav\u00e9s do e-mail <strong>info@ctp.la<\/strong><\/p><p><strong>Pol\u00edtica de Tratamento de Dados Pessoais<\/strong><\/p><p class=\"translation-block\">\u00a0\u00a0<strong>CALA Telecom Partners, S.A. (BICSI CALA)\u00a0<\/strong> Anguila, Ant\u00edgua e Barbuda, Argentina, Aruba, Bahamas, Barbados, Belize, Bermudas, Bol\u00edvia, Bonaire, Brasil, Ilhas Cayman, Chile, Costa Rica, Col\u00f4mbia (Lei 1581 de 2012), Cura\u00e7ao, Dominica, Equador, El Salvador, Ilhas Malvinas, Guiana Francesa, Granada, Guadalupe, Guatemala, Guiana, Haiti, Honduras, Jamaica, Martinica, M\u00e9xico, Montserrat, Antilhas Neerlandesas, Nicar\u00e1gua, Panam\u00e1, Paraguai, Peru, Saba, Rep\u00fablica Dominicana, S\u00e3o Bartolomeu, S\u00e3o Crist\u00f3v\u00e3o e N\u00e9vis, Santa L\u00facia, S\u00e3o Martinho (Holanda), S\u00e3o Vicente e Granadinas, S\u00e3o Eust\u00e1quio, S\u00e3o Martinho (Fran\u00e7a), Suriname, Trinidad e Tobago, Ilhas Turcas e Caicos, Uruguai, Venezuela e Ilhas Virgens. <strong>CALA Telecom Partners, S.A. (BICSI CALA),\u00a0<\/strong> ), na qualidade de respons\u00e1vel e\/ou encarregado, ser\u00e3o processados em conformidade com os princ\u00edpios e regulamentos previstos na Lei 81 de 26 de mar\u00e7o de 2019 da Rep\u00fablica do Panam\u00e1, onde est\u00e1 localizada a sede da CALA Telecom Partners, que est\u00e3o alinhados com as melhores pr\u00e1ticas internacionais no campo. Esses dados pessoais ser\u00e3o processados pela\u00a0\u00a0<strong>CALA Telecom Partners, S.A. (BICSI CALA),\u00a0\u00a0<\/strong>), de acordo com as seguintes finalidades gerais:<\/p><ul><li>Para o cumprimento das obriga\u00e7\u00f5es derivadas das rela\u00e7\u00f5es contratuais existentes com seus grupos de interesse.<\/li><li>Para o cumprimento das obriga\u00e7\u00f5es legais que envolvam dados pessoais de seus grupos de interesse.<\/li><li>Para a gest\u00e3o comercial e relacionamento com seus grupos de interesse.<\/li><li>Para a an\u00e1lise prospectiva sobre tend\u00eancias e prefer\u00eancias de seus grupos de interesse em rela\u00e7\u00e3o aos seus produtos.<\/li><\/ul><p class=\"translation-block\">Em cada processo empresarial, e de acordo com os dados pessoais coletados e o tratamento a ser realizado, no respectivo aviso de privacidade ser\u00e3o informadas previamente as finalidades particulares, e se o tratamento ser\u00e1 efetuado por um encarregado sob a dire\u00e7\u00e3o da  <strong>CALA Telecom Partners, S.A. (BICSI CALA).<\/strong>). Qualquer pessoa que seja uma parte interessada, em rela\u00e7\u00e3o ao processamento de seus dados pessoais, tem o direito de:<\/p><ul><li>Exercitar seu direito de habeas data, que consiste em conhecer, atualizar, retificar, opor-se e cancelar as informa\u00e7\u00f5es coletadas sobre elas, nos casos em que isso proceda.<\/li><li>Evidenciar a exist\u00eancia do consentimento concedido.<\/li><li class=\"translation-block\">\u2022\tPara o exerc\u00edcio do habeas data, o titular do dado pessoal ou quem demonstrar um leg\u00edtimo interesse conforme o indicado na normatividade vigente, poder\u00e1 faz\u00ea-lo entrando em contato conosco atrav\u00e9s do e-mail  <a href=\"mailto:info@ctp.la\" target=\"_self\">info@ctp.la<\/a><\/li><\/ul><p class=\"translation-block\">Quem exercer o habeas data dever\u00e1 fornecer com exatid\u00e3o os dados de contato solicitados, a fim de ser contatado em rela\u00e7\u00e3o \u00e0 sua solicita\u00e7\u00e3o e ao desdobramento das cobran\u00e7as pelo exerc\u00edcio de seus direitos. Uma vez recebida a solicita\u00e7\u00e3o para o exerc\u00edcio do Habeas Data, a  <strong>CALA Telecom Partners, S.A. (BICSI CALA)<\/strong> responder\u00e1 \u00e0s consultas e\/ou reclama\u00e7\u00f5es de acordo com a legisla\u00e7\u00e3o aplic\u00e1vel. <strong>Seus dados pessoais ser\u00e3o usados para processar seu pedido, apoiar sua experi\u00eancia neste site e para outros fins descritos nesta Pol\u00edtica.<\/strong><\/p><p><strong style=\"color: white;\">Os seus dados pessoais ser\u00e3o utilizados para processar a sua encomenda, para apoiar a sua experi\u00eancia neste s\u00edtio Web e para outros fins, tal como descrito na nossa<\/strong><\/p>\t\t\t\t\t\t\t\t<\/div>\n\t\t\t\t<\/div>\n\t\t\t\t\t<\/div>\n\t\t\t\t<\/div>\n\t\t\t\t<\/div>","protected":false},"excerpt":{"rendered":"<p>Aviso de Privacidad CALA Telecom Partners, S.A. (BICSI CALA)\u00a0comunica que los datos personales suministrados ser\u00e1n tratados de manera confidencial y segura, cumpliendo los principios previstos en la normatividad vigente en la materia, y acorde con la pol\u00edtica de protecci\u00f3n de datos adoptada en la Rep\u00fablica de Panam\u00e1. Las finalidades a las cuales ser\u00e1n sometidos los [&hellip;]<\/p>","protected":false},"author":1,"featured_media":0,"parent":0,"menu_order":0,"comment_status":"closed","ping_status":"closed","template":"","meta":{"site-sidebar-layout":"no-sidebar","site-content-layout":"page-builder","ast-site-content-layout":"full-width-container","site-content-style":"default","site-sidebar-style":"default","ast-global-header-display":"","ast-banner-title-visibility":"","ast-main-header-display":"","ast-hfb-above-header-display":"","ast-hfb-below-header-display":"","ast-hfb-mobile-header-display":"","site-post-title":"disabled","ast-breadcrumbs-content":"","ast-featured-img":"disabled","footer-sml-layout":"","ast-disable-related-posts":"","theme-transparent-header-meta":"","adv-header-id-meta":"","stick-header-meta":"","header-above-stick-meta":"","header-main-stick-meta":"","header-below-stick-meta":"","astra-migrate-meta-layouts":"set","ast-page-background-enabled":"default","ast-page-background-meta":{"desktop":{"background-color":"","background-image":"","background-repeat":"repeat","background-position":"center center","background-size":"auto","background-attachment":"scroll","background-type":"","background-media":"","overlay-type":"","overlay-color":"","overlay-opacity":"","overlay-gradient":""},"tablet":{"background-color":"","background-image":"","background-repeat":"repeat","background-position":"center center","background-size":"auto","background-attachment":"scroll","background-type":"","background-media":"","overlay-type":"","overlay-color":"","overlay-opacity":"","overlay-gradient":""},"mobile":{"background-color":"","background-image":"","background-repeat":"repeat","background-position":"center center","background-size":"auto","background-attachment":"scroll","background-type":"","background-media":"","overlay-type":"","overlay-color":"","overlay-opacity":"","overlay-gradient":""}},"ast-content-background-meta":{"desktop":{"background-color":"var(--ast-global-color-5)","background-image":"","background-repeat":"repeat","background-position":"center center","background-size":"auto","background-attachment":"scroll","background-type":"","background-media":"","overlay-type":"","overlay-color":"","overlay-opacity":"","overlay-gradient":""},"tablet":{"background-color":"var(--ast-global-color-5)","background-image":"","background-repeat":"repeat","background-position":"center center","background-size":"auto","background-attachment":"scroll","background-type":"","background-media":"","overlay-type":"","overlay-color":"","overlay-opacity":"","overlay-gradient":""},"mobile":{"background-color":"var(--ast-global-color-5)","background-image":"","background-repeat":"repeat","background-position":"center center","background-size":"auto","background-attachment":"scroll","background-type":"","background-media":"","overlay-type":"","overlay-color":"","overlay-opacity":"","overlay-gradient":""}},"footnotes":""},"class_list":["post-7157","page","type-page","status-publish","hentry"],"aioseo_notices":[],"_links":{"self":[{"href":"https:\/\/bicsi-cala.org\/pt\/wp-json\/wp\/v2\/pages\/7157"}],"collection":[{"href":"https:\/\/bicsi-cala.org\/pt\/wp-json\/wp\/v2\/pages"}],"about":[{"href":"https:\/\/bicsi-cala.org\/pt\/wp-json\/wp\/v2\/types\/page"}],"author":[{"embeddable":true,"href":"https:\/\/bicsi-cala.org\/pt\/wp-json\/wp\/v2\/users\/1"}],"replies":[{"embeddable":true,"href":"https:\/\/bicsi-cala.org\/pt\/wp-json\/wp\/v2\/comments?post=7157"}],"version-history":[{"count":25,"href":"https:\/\/bicsi-cala.org\/pt\/wp-json\/wp\/v2\/pages\/7157\/revisions"}],"predecessor-version":[{"id":9952,"href":"https:\/\/bicsi-cala.org\/pt\/wp-json\/wp\/v2\/pages\/7157\/revisions\/9952"}],"wp:attachment":[{"href":"https:\/\/bicsi-cala.org\/pt\/wp-json\/wp\/v2\/media?parent=7157"}],"curies":[{"name":"wp","href":"https:\/\/api.w.org\/{rel}","templated":true}]}}