{"id":6113,"date":"2024-07-07T19:43:22","date_gmt":"2024-07-07T19:43:22","guid":{"rendered":"https:\/\/bicsi-cala.org\/?post_type=product&#038;p=6113"},"modified":"2024-07-31T22:15:45","modified_gmt":"2024-07-31T22:15:45","slug":"membresia-especial","status":"publish","type":"product","link":"https:\/\/bicsi-cala.org\/pt\/produto\/membresia-especial\/","title":{"rendered":"Associa\u00e7\u00e3o especial"},"content":{"rendered":"<div class=\"elementor-element elementor-element-b56b0c7 elementor-widget elementor-widget-heading\" data-id=\"b56b0c7\" data-element_type=\"widget\" data-widget_type=\"heading.default\">\n<div class=\"elementor-widget-container\">\n<div class=\"elementor-element elementor-element-b56b0c7 elementor-widget elementor-widget-heading\" data-id=\"b56b0c7\" data-element_type=\"widget\" data-widget_type=\"heading.default\">\n<div class=\"elementor-widget-container\">\n<h5 class=\"translation-block\"><strong>Esta associa\u00e7\u00e3o possui os mesmos benef\u00edcios da associa\u00e7\u00e3o individual, no entanto, possui um custo especial apenas para aquelas pessoas com mais de 62 anos<\/strong> <strong>e\/ou para T\u00e9cnicos e Instaladores com Certificados BICSI (exceto aqueles que possuem a certifica\u00e7\u00e3o RCDD).<\/strong> <strong>Deve ser anexada documenta\u00e7\u00e3o probat\u00f3ria vigente para obter esse benef\u00edcio.<\/strong><\/h5>\n<h4 class=\"elementor-heading-title elementor-size-default\">Vantagens de ser membro da BICSI:<\/h4>\n<\/div>\n<\/div>\n<div class=\"elementor-element elementor-element-fb98443 elementor-widget elementor-widget-text-editor\" data-id=\"fb98443\" data-element_type=\"widget\" data-widget_type=\"text-editor.default\">\n<div class=\"elementor-widget-container\">\n<p class=\"translation-block\"><strong>BICSI<\/strong> serve a milhares de profissionais das tecnologias da informa\u00e7\u00e3o e comunica\u00e7\u00e3o <strong>(TIC)<\/strong> em todo o mundo. Como membro, voc\u00ea receber\u00e1 informa\u00e7\u00f5es tecnol\u00f3gicas exclusivas e oportunidades de networking incompar\u00e1veis com outras institui\u00e7\u00f5es de forma\u00e7\u00e3o e educa\u00e7\u00e3o.<\/p>\n<\/div>\n<\/div>\n<div class=\"elementor-element elementor-element-748c9a0 elementor-widget elementor-widget-text-editor\" data-id=\"748c9a0\" data-element_type=\"widget\" data-widget_type=\"text-editor.default\">\n<div class=\"elementor-widget-container\">\n<p class=\"translation-block\">Com o objetivo de proporcionar uma experi\u00eancia de afilia\u00e7\u00e3o enriquecedora, <strong>BICSI<\/strong> oferece uma s\u00e9rie de benef\u00edcios que s\u00e3o detalhados a seguir:<\/p>\n<ul class=\"elementor-icon-list-items\">\n<li class=\"elementor-icon-list-item\"><span class=\"elementor-icon-list-text\">Adicionar a credibilidade da BICSI ao seu perfil e se destacar como o melhor entre seus colegas.<\/span><\/li>\n<li class=\"elementor-icon-list-item\"><span class=\"elementor-icon-list-text\">Utilizar o logotipo de membro da BICSI em cart\u00f5es de visita, papelaria e material promocional, assim como em colaterais.<\/span><\/li>\n<li class=\"elementor-icon-list-item\"><span class=\"elementor-icon-list-text\">Conhecer os \u00faltimos avan\u00e7os, acessar recursos exclusivos e se manter atualizado sobre c\u00f3digos e padr\u00f5es.<\/span><\/li>\n<li class=\"elementor-icon-list-item\"><span class=\"elementor-icon-list-text\">Ser o primeiro a descobrir novas oportunidades de trabalho no site da BICSI e no Centro de Carreiras da BICSI.<\/span><\/li>\n<li class=\"elementor-icon-list-item\"><span class=\"elementor-icon-list-text\">Acesso a Descontos substanciais em produtos e servi\u00e7os da BICSI.<\/span><\/li>\n<li class=\"elementor-icon-list-item\"><span class=\"elementor-icon-list-text\">Acesso a Desconto especial em cursos de forma\u00e7\u00e3o e manuais t\u00e9cnicos selecionados da BICSI.<\/span><\/li>\n<li class=\"elementor-icon-list-item\"><span class=\"elementor-icon-list-text\">Acesso a Desconto especial para participar de workshops t\u00e9cnicos espec\u00edficos na regi\u00e3o CALA.<\/span><\/li>\n<li class=\"elementor-icon-list-item\"><span class=\"elementor-icon-list-text\">Acesso a desconto especial para membros em diversas publica\u00e7\u00f5es, padr\u00f5es e servi\u00e7os do setor.<\/span><\/li>\n<li class=\"elementor-icon-list-item\"><span class=\"elementor-icon-list-text\">Inscri\u00e7\u00f5es em confer\u00eancias da BICSI e outros eventos do setor em todo o mundo.<\/span><\/li>\n<li class=\"elementor-icon-list-item\"><span class=\"elementor-icon-list-text\">Acesso a se\u00e7\u00f5es exclusivas para membros no site da BICSI.<\/span><\/li>\n<li class=\"elementor-icon-list-item\"><span class=\"elementor-icon-list-text\">C\u00f3pia eletr\u00f4nica GRATUITA do Manual de Terminologia de TIC da BICSI.<\/span><\/li>\n<li class=\"elementor-icon-list-item\"><span class=\"elementor-icon-list-text\">Assinatura GRATUITA do boletim informativo\u00a0<i>ICT Today.<\/i><\/span><\/li>\n<\/ul>\n<\/div>\n<\/div>\n<\/div>\n<\/div>","protected":false},"excerpt":{"rendered":"<p class=\"elementor-heading-title elementor-size-default\">Avance na sua carreira com acesso a recursos t\u00e9cnicos, forma\u00e7\u00e3o de alta qualidade e liga\u00e7\u00f5es \u00e0 ind\u00fastria das TIC. Selecione abaixo o seu pa\u00eds de resid\u00eancia e o n\u00famero de anos para os quais pretende adquirir ou renovar a sua ades\u00e3o ao BICSI.<\/p>","protected":false},"featured_media":5598,"template":"","meta":{"site-sidebar-layout":"default","site-content-layout":"","ast-site-content-layout":"default","site-content-style":"default","site-sidebar-style":"default","ast-global-header-display":"","ast-banner-title-visibility":"","ast-main-header-display":"","ast-hfb-above-header-display":"","ast-hfb-below-header-display":"","ast-hfb-mobile-header-display":"","site-post-title":"","ast-breadcrumbs-content":"","ast-featured-img":"","footer-sml-layout":"","ast-disable-related-posts":"","theme-transparent-header-meta":"default","adv-header-id-meta":"","stick-header-meta":"","header-above-stick-meta":"","header-main-stick-meta":"","header-below-stick-meta":"","astra-migrate-meta-layouts":"set","ast-page-background-enabled":"default","ast-page-background-meta":{"desktop":{"background-color":"","background-image":"","background-repeat":"repeat","background-position":"center center","background-size":"auto","background-attachment":"scroll","background-type":"","background-media":"","overlay-type":"","overlay-color":"","overlay-opacity":"","overlay-gradient":""},"tablet":{"background-color":"","background-image":"","background-repeat":"repeat","background-position":"center center","background-size":"auto","background-attachment":"scroll","background-type":"","background-media":"","overlay-type":"","overlay-color":"","overlay-opacity":"","overlay-gradient":""},"mobile":{"background-color":"","background-image":"","background-repeat":"repeat","background-position":"center center","background-size":"auto","background-attachment":"scroll","background-type":"","background-media":"","overlay-type":"","overlay-color":"","overlay-opacity":"","overlay-gradient":""}},"ast-content-background-meta":{"desktop":{"background-color":"var(--ast-global-color-5)","background-image":"","background-repeat":"repeat","background-position":"center center","background-size":"auto","background-attachment":"scroll","background-type":"","background-media":"","overlay-type":"","overlay-color":"","overlay-opacity":"","overlay-gradient":""},"tablet":{"background-color":"var(--ast-global-color-5)","background-image":"","background-repeat":"repeat","background-position":"center center","background-size":"auto","background-attachment":"scroll","background-type":"","background-media":"","overlay-type":"","overlay-color":"","overlay-opacity":"","overlay-gradient":""},"mobile":{"background-color":"var(--ast-global-color-5)","background-image":"","background-repeat":"repeat","background-position":"center center","background-size":"auto","background-attachment":"scroll","background-type":"","background-media":"","overlay-type":"","overlay-color":"","overlay-opacity":"","overlay-gradient":""}}},"product_brand":[],"product_cat":[57],"product_tag":[],"class_list":{"0":"post-6113","1":"product","2":"type-product","3":"status-publish","4":"has-post-thumbnail","6":"product_cat-membresias","7":"desktop-align-center","8":"tablet-align-left","9":"mobile-align-left","11":"first","12":"instock","13":"sold-individually","14":"taxable","15":"shipping-taxable","16":"purchasable","17":"product-type-variable"},"aioseo_notices":[],"_links":{"self":[{"href":"https:\/\/bicsi-cala.org\/pt\/wp-json\/wp\/v2\/product\/6113"}],"collection":[{"href":"https:\/\/bicsi-cala.org\/pt\/wp-json\/wp\/v2\/product"}],"about":[{"href":"https:\/\/bicsi-cala.org\/pt\/wp-json\/wp\/v2\/types\/product"}],"wp:featuredmedia":[{"embeddable":true,"href":"https:\/\/bicsi-cala.org\/pt\/wp-json\/wp\/v2\/media\/5598"}],"wp:attachment":[{"href":"https:\/\/bicsi-cala.org\/pt\/wp-json\/wp\/v2\/media?parent=6113"}],"wp:term":[{"taxonomy":"product_brand","embeddable":true,"href":"https:\/\/bicsi-cala.org\/pt\/wp-json\/wp\/v2\/product_brand?post=6113"},{"taxonomy":"product_cat","embeddable":true,"href":"https:\/\/bicsi-cala.org\/pt\/wp-json\/wp\/v2\/product_cat?post=6113"},{"taxonomy":"product_tag","embeddable":true,"href":"https:\/\/bicsi-cala.org\/pt\/wp-json\/wp\/v2\/product_tag?post=6113"}],"curies":[{"name":"wp","href":"https:\/\/api.w.org\/{rel}","templated":true}]}}